{"id":6068,"date":"2022-09-07T09:55:40","date_gmt":"2022-09-07T01:55:40","guid":{"rendered":"https:\/\/www.opixtech.com\/contact\/"},"modified":"2022-11-09T15:23:01","modified_gmt":"2022-11-09T07:23:01","slug":"contact","status":"publish","type":"page","link":"https:\/\/www.opixtech.com\/es\/contact\/","title":{"rendered":"CONTACTO"},"content":{"rendered":"\t\t<div data-elementor-type=\"wp-page\" data-elementor-id=\"6068\" class=\"elementor elementor-6068 elementor-19\" data-elementor-post-type=\"page\">\n\t\t\t\t<div class=\"elementor-element elementor-element-21a9a10 e-con-full e-flex e-con e-parent\" data-id=\"21a9a10\" data-element_type=\"container\" data-e-type=\"container\" data-settings=\"{&quot;background_background&quot;:&quot;gradient&quot;}\">\n\t\t<div class=\"elementor-element elementor-element-076edcc e-con-full e-flex e-con e-parent\" data-id=\"076edcc\" data-element_type=\"container\" data-e-type=\"container\" data-settings=\"{&quot;background_background&quot;:&quot;classic&quot;}\">\n\t\t<div class=\"elementor-element elementor-element-1d89d47 e-flex e-con-boxed e-con e-parent\" data-id=\"1d89d47\" data-element_type=\"container\" data-e-type=\"container\" data-settings=\"{&quot;background_background&quot;:&quot;classic&quot;}\">\n\t\t\t\t\t<div class=\"e-con-inner\">\n\t\t\t\t\t<\/div>\n\t\t\t\t<\/div>\n\t\t\t\t<\/div>\n\t\t\t\t<\/div>\n\t\t<div class=\"elementor-element elementor-element-b410e0d e-flex e-con-boxed e-con e-parent\" data-id=\"b410e0d\" data-element_type=\"container\" data-e-type=\"container\" data-settings=\"{&quot;background_background&quot;:&quot;gradient&quot;}\">\n\t\t\t\t\t<div class=\"e-con-inner\">\n\t\t<div class=\"elementor-element elementor-element-bc0094c e-con-full e-flex e-con e-parent\" data-id=\"bc0094c\" data-element_type=\"container\" data-e-type=\"container\" data-settings=\"{&quot;background_background&quot;:&quot;gradient&quot;}\">\n\t\t\t\t<div class=\"elementor-element elementor-element-c4a8c7d elementor-widget-mobile__width-inherit elementor-widget__width-inherit elementor-widget elementor-widget-heading\" data-id=\"c4a8c7d\" data-element_type=\"widget\" data-e-type=\"widget\" data-widget_type=\"heading.default\">\n\t\t\t\t<div class=\"elementor-widget-container\">\n\t\t\t\t\t<h2 class=\"elementor-heading-title elementor-size-default\">CONTACTO<\/h2>\t\t\t\t<\/div>\n\t\t\t\t<\/div>\n\t\t\t\t<div class=\"elementor-element elementor-element-38d8376 elementor-widget__width-initial elementor-widget-mobile__width-initial elementor-widget-divider--view-line elementor-widget elementor-widget-divider\" data-id=\"38d8376\" data-element_type=\"widget\" data-e-type=\"widget\" data-widget_type=\"divider.default\">\n\t\t\t\t<div class=\"elementor-widget-container\">\n\t\t\t\t\t\t\t<div class=\"elementor-divider\">\n\t\t\t<span class=\"elementor-divider-separator\">\n\t\t\t\t\t\t<\/span>\n\t\t<\/div>\n\t\t\t\t\t\t<\/div>\n\t\t\t\t<\/div>\n\t\t\t\t<div class=\"elementor-element elementor-element-7dee84d elementor-widget elementor-widget-text-editor\" data-id=\"7dee84d\" data-element_type=\"widget\" data-e-type=\"widget\" data-widget_type=\"text-editor.default\">\n\t\t\t\t<div class=\"elementor-widget-container\">\n\t\t\t\t\t\t\t\t\tCu\u00e9ntanos un poco sobre ti <br>y nos pondremos en contacto lo antes posible.\t\t\t\t\t\t\t\t<\/div>\n\t\t\t\t<\/div>\n\t\t\t\t<div class=\"elementor-element elementor-element-afda214 fluentform-widget-submit-button-full-width elementor-widget-tablet__width-inherit elementor-widget-mobile__width-inherit fluent-form-widget-step-header-yes fluent-form-widget-step-progressbar-yes elementor-widget elementor-widget-fluent-form-widget\" data-id=\"afda214\" data-element_type=\"widget\" data-e-type=\"widget\" data-widget_type=\"fluent-form-widget.default\">\n\t\t\t\t<div class=\"elementor-widget-container\">\n\t\t\t\t\t\n            <div class=\"fluentform-widget-wrapper fluentform-widget-custom-radio-checkbox fluentform-widget-align-default\">\n\n            \n            <div class='fluentform ff-default fluentform_wrapper_11 ffs_default_wrap'><form data-form_id=\"11\" id=\"fluentform_11\" class=\"frm-fluent-form fluent_form_11 ff-el-form-top ff_form_instance_11_1 ff-form-loading ff_has_v3_recptcha ffs_default\" data-form_instance=\"ff_form_instance_11_1\" method=\"POST\" data-recptcha_key=\"6Lf6yO8hAAAAAIhAh293KUFnWiWl6Ga0XS-RIlPB\" ><fieldset  style=\"border: none!important;margin: 0!important;padding: 0!important;background-color: transparent!important;box-shadow: none!important;outline: none!important; min-inline-size: 100%;\">\n                    <legend class=\"ff_screen_reader_title\" style=\"display: block; margin: 0!important;padding: 0!important;height: 0!important;text-indent: -999999px;width: 0!important;overflow:hidden;\">Contact Form (ES)<\/legend><input type='hidden' name='__fluent_form_embded_post_id' value='6068' \/><input type=\"hidden\" id=\"_fluentform_11_fluentformnonce\" name=\"_fluentform_11_fluentformnonce\" value=\"da454a4a2f\" \/><input type=\"hidden\" name=\"_wp_http_referer\" value=\"\/es\/wp-json\/wp\/v2\/pages\/6068\" \/><div data-type=\"name-element\" data-name=\"names\" class=\" ff-field_container ff-name-field-wrapper\" ><div class='ff-t-container'><div class='ff-t-cell '><div class='ff-el-group  ff-el-form-top'><div class=\"ff-el-input--label ff-el-is-required asterisk-right\"><label for='ff_11_names_first_name_' id='label_ff_11_names_first_name_' >Nombre<\/label><\/div><div class='ff-el-input--content'><input type=\"text\" name=\"names[first_name]\" id=\"ff_11_names_first_name_\" class=\"ff-el-form-control\" placeholder=\"Su Nombre\" aria-invalid=\"false\" aria-required=true><\/div><\/div><\/div><\/div><\/div><div class='ff-el-group'><div class=\"ff-el-input--label ff-el-is-required asterisk-right\"><label for='ff_11_email' id='label_ff_11_email' aria-label=\"Direcci\u00f3n de correo electr\u00f3nico\">Direcci\u00f3n de correo electr\u00f3nico<\/label><\/div><div class='ff-el-input--content'><input type=\"email\" name=\"email\" id=\"ff_11_email\" class=\"ff-el-form-control\" placeholder=\"Su correo electr\u00f3nico\" data-name=\"email\"  aria-invalid=\"false\" aria-required=true><\/div><\/div><div class='ff-el-group'><div class=\"ff-el-input--label ff-el-is-required asterisk-right\"><label for='ff_11_input_text' id='label_ff_11_input_text' aria-label=\"T\u00edtulo\">T\u00edtulo<\/label><\/div><div class='ff-el-input--content'><input type=\"text\" name=\"input_text\" class=\"ff-el-form-control\" placeholder=\"Escriba el t\u00edtulo aqu\u00ed\" data-name=\"input_text\" id=\"ff_11_input_text\"  aria-invalid=\"false\" aria-required=true><\/div><\/div><div class='ff-el-group'><div class=\"ff-el-input--label ff-el-is-required asterisk-right\"><label for='ff_11_description' id='label_ff_11_description' aria-label=\"Mensaje\">Mensaje<\/label><\/div><div class='ff-el-input--content'><textarea aria-required=\"true\" aria-labelledby=\"label_ff_11_description\" name=\"description\" id=\"ff_11_description\" class=\"ff-el-form-control\" placeholder=\"Escriba su mensaje aqu\u00ed\" rows=\"5\" cols=\"2\" data-name=\"description\" ><\/textarea><\/div><\/div><div class='ff-el-group ff-el-form-hide_label'><div class=\"ff-el-input--label ff-el-is-required asterisk-right\"><label   aria-label=\"No soy un robot\">No soy un robot<\/label><\/div><div class='ff-el-input--content'><div class='ff-el-form-check ff-el-form-check-'><label class='ff-el-form-check-label' for='checkbox_eea092689149166a3ef8e84932049b82'><input  type=\"checkbox\" name=\"checkbox[]\" data-name=\"checkbox\" class=\"ff-el-form-check-input ff-el-form-check-checkbox\" value=\"No soy un robot\"  id='checkbox_eea092689149166a3ef8e84932049b82' aria-label='No soy un robot' aria-invalid='false' aria-required=true> <span>No soy un robot<\/span><\/label><\/div><\/div><\/div><div class='ff-el-group ff-text-left ff_submit_btn_wrapper'><button type=\"submit\" class=\"ff-btn ff-btn-submit ff-btn-md ff_btn_style\"  aria-label=\"Enviar\">Enviar<\/button><\/div><\/fieldset><\/form><div id='fluentform_11_errors' class='ff-errors-in-stack ff_form_instance_11_1 ff-form-loading_errors ff_form_instance_11_1_errors'><\/div><\/div>            <script type=\"text\/javascript\">\n                window.fluent_form_ff_form_instance_11_1 = {\"id\":\"11\",\"settings\":{\"layout\":{\"labelPlacement\":\"top\",\"helpMessagePlacement\":\"with_label\",\"errorMessagePlacement\":\"inline\",\"cssClassName\":\"\",\"asteriskPlacement\":\"asterisk-right\"},\"restrictions\":{\"denyEmptySubmission\":{\"enabled\":false}}},\"form_instance\":\"ff_form_instance_11_1\",\"form_id_selector\":\"fluentform_11\",\"rules\":{\"names[first_name]\":{\"required\":{\"value\":true,\"message\":\"Este campo es obligatorio\"}},\"names[middle_name]\":{\"required\":{\"value\":false,\"message\":\"This field is required\"}},\"names[last_name]\":{\"required\":{\"value\":false,\"message\":\"This field is required\"}},\"email\":{\"required\":{\"value\":true,\"message\":\"Este campo es obligatorio\"},\"email\":{\"value\":true,\"message\":\"Este campo debe contener un correo electr\\u00f3nico v\\u00e1lido\"}},\"input_text\":{\"required\":{\"value\":true,\"message\":\"Este campo es obligatorio\"}},\"description\":{\"required\":{\"value\":true,\"message\":\"Este campo es obligatorio\"}},\"g-recaptcha-response\":[],\"checkbox\":{\"required\":{\"value\":true,\"message\":\"Por favor, confirme que no es un robot\"}}},\"debounce_time\":300};\n                            <\/script>\n                        <\/div>\n\n            \t\t\t\t<\/div>\n\t\t\t\t<\/div>\n\t\t\t\t<\/div>\n\t\t\t\t\t<\/div>\n\t\t\t\t<\/div>\n\t\t\t\t<\/div>\n\t\t","protected":false},"excerpt":{"rendered":"<p>CONTACTO Cu\u00e9ntanos un poco sobre ti y nos pondremos en contacto lo antes posible. Nombre Direcci\u00f3n de correo electr\u00f3nico T\u00edtulo Mensaje No soy un robot No soy un robotEnviar<\/p>\n","protected":false},"author":1,"featured_media":6005,"parent":0,"menu_order":0,"comment_status":"closed","ping_status":"closed","template":"elementor_header_footer","meta":{"loftloader_page_shortcode":"","footnotes":""},"class_list":["post-6068","page","type-page","status-publish","has-post-thumbnail","hentry"],"yoast_head":"<!-- This site is optimized with the Yoast SEO plugin v27.3 - https:\/\/yoast.com\/product\/yoast-seo-wordpress\/ -->\n<title>Opix Technology - CONTACTO<\/title>\n<meta name=\"description\" content=\"OpixTech es una empresa de comercio algor\u00edtmico de \u00faltima generaci\u00f3n. Cualquier pregunta bienvenida a dejar comentarios, nos pondremos en contacto tan pronto como podamos.\" \/>\n<meta name=\"robots\" content=\"index, follow, max-snippet:-1, max-image-preview:large, max-video-preview:-1\" \/>\n<link rel=\"canonical\" href=\"https:\/\/www.opixtech.com\/es\/contact\/\" \/>\n<meta property=\"og:locale\" content=\"es_ES\" \/>\n<meta property=\"og:type\" content=\"article\" \/>\n<meta property=\"og:title\" content=\"Opix Technology - CONTACTO\" \/>\n<meta property=\"og:description\" content=\"OpixTech es una empresa de comercio algor\u00edtmico de \u00faltima generaci\u00f3n. Cualquier pregunta bienvenida a dejar comentarios, nos pondremos en contacto tan pronto como podamos.\" \/>\n<meta property=\"og:url\" content=\"https:\/\/www.opixtech.com\/es\/contact\/\" \/>\n<meta property=\"og:site_name\" content=\"Opix Technology\" \/>\n<meta property=\"article:modified_time\" content=\"2022-11-09T07:23:01+00:00\" \/>\n<meta property=\"og:image\" content=\"https:\/\/www.opixtech.com\/assets\/uploads\/2022\/09\/logo2.png\" \/>\n\t<meta property=\"og:image:width\" content=\"512\" \/>\n\t<meta property=\"og:image:height\" content=\"512\" \/>\n\t<meta property=\"og:image:type\" content=\"image\/png\" \/>\n<meta name=\"twitter:card\" content=\"summary_large_image\" \/>\n<meta name=\"twitter:title\" content=\"Opix Technology - CONTACTO\" \/>\n<meta name=\"twitter:description\" content=\"OpixTech es una empresa de comercio algor\u00edtmico de \u00faltima generaci\u00f3n. Cualquier pregunta bienvenida a dejar comentarios, nos pondremos en contacto tan pronto como podamos.\" \/>\n<meta name=\"twitter:label1\" content=\"Tiempo de lectura\" \/>\n\t<meta name=\"twitter:data1\" content=\"1 minuto\" \/>\n<script type=\"application\/ld+json\" class=\"yoast-schema-graph\">{\"@context\":\"https:\\\/\\\/schema.org\",\"@graph\":[{\"@type\":\"WebPage\",\"@id\":\"https:\\\/\\\/www.opixtech.com\\\/es\\\/contact\\\/\",\"url\":\"https:\\\/\\\/www.opixtech.com\\\/es\\\/contact\\\/\",\"name\":\"Opix Technology - CONTACTO\",\"isPartOf\":{\"@id\":\"https:\\\/\\\/www.opixtech.com\\\/fr\\\/#website\"},\"primaryImageOfPage\":{\"@id\":\"https:\\\/\\\/www.opixtech.com\\\/es\\\/contact\\\/#primaryimage\"},\"image\":{\"@id\":\"https:\\\/\\\/www.opixtech.com\\\/es\\\/contact\\\/#primaryimage\"},\"thumbnailUrl\":\"https:\\\/\\\/www.opixtech.com\\\/assets\\\/uploads\\\/2022\\\/09\\\/logo2.png\",\"datePublished\":\"2022-09-07T01:55:40+00:00\",\"dateModified\":\"2022-11-09T07:23:01+00:00\",\"description\":\"OpixTech es una empresa de comercio algor\u00edtmico de \u00faltima generaci\u00f3n. Cualquier pregunta bienvenida a dejar comentarios, nos pondremos en contacto tan pronto como podamos.\",\"breadcrumb\":{\"@id\":\"https:\\\/\\\/www.opixtech.com\\\/es\\\/contact\\\/#breadcrumb\"},\"inLanguage\":\"es\",\"potentialAction\":[{\"@type\":\"ReadAction\",\"target\":[\"https:\\\/\\\/www.opixtech.com\\\/es\\\/contact\\\/\"]}]},{\"@type\":\"ImageObject\",\"inLanguage\":\"es\",\"@id\":\"https:\\\/\\\/www.opixtech.com\\\/es\\\/contact\\\/#primaryimage\",\"url\":\"https:\\\/\\\/www.opixtech.com\\\/assets\\\/uploads\\\/2022\\\/09\\\/logo2.png\",\"contentUrl\":\"https:\\\/\\\/www.opixtech.com\\\/assets\\\/uploads\\\/2022\\\/09\\\/logo2.png\",\"width\":512,\"height\":512},{\"@type\":\"BreadcrumbList\",\"@id\":\"https:\\\/\\\/www.opixtech.com\\\/es\\\/contact\\\/#breadcrumb\",\"itemListElement\":[{\"@type\":\"ListItem\",\"position\":1,\"name\":\"Home\",\"item\":\"https:\\\/\\\/www.opixtech.com\\\/es\\\/\"},{\"@type\":\"ListItem\",\"position\":2,\"name\":\"CONTACTO\"}]},{\"@type\":\"WebSite\",\"@id\":\"https:\\\/\\\/www.opixtech.com\\\/fr\\\/#website\",\"url\":\"https:\\\/\\\/www.opixtech.com\\\/fr\\\/\",\"name\":\"Opix Technology\",\"description\":\"OpixTech Accelerate Sustainable Wealth\",\"publisher\":{\"@id\":\"https:\\\/\\\/www.opixtech.com\\\/fr\\\/#organization\"},\"potentialAction\":[{\"@type\":\"SearchAction\",\"target\":{\"@type\":\"EntryPoint\",\"urlTemplate\":\"https:\\\/\\\/www.opixtech.com\\\/fr\\\/?s={search_term_string}\"},\"query-input\":{\"@type\":\"PropertyValueSpecification\",\"valueRequired\":true,\"valueName\":\"search_term_string\"}}],\"inLanguage\":\"es\"},{\"@type\":\"Organization\",\"@id\":\"https:\\\/\\\/www.opixtech.com\\\/fr\\\/#organization\",\"name\":\"Opix Technology\",\"url\":\"https:\\\/\\\/www.opixtech.com\\\/fr\\\/\",\"logo\":{\"@type\":\"ImageObject\",\"inLanguage\":\"es\",\"@id\":\"https:\\\/\\\/www.opixtech.com\\\/fr\\\/#\\\/schema\\\/logo\\\/image\\\/\",\"url\":\"https:\\\/\\\/www.opixtech.com\\\/assets\\\/uploads\\\/2022\\\/09\\\/logo.png\",\"contentUrl\":\"https:\\\/\\\/www.opixtech.com\\\/assets\\\/uploads\\\/2022\\\/09\\\/logo.png\",\"width\":350,\"height\":100,\"caption\":\"Opix Technology\"},\"image\":{\"@id\":\"https:\\\/\\\/www.opixtech.com\\\/fr\\\/#\\\/schema\\\/logo\\\/image\\\/\"}}]}<\/script>\n<!-- \/ Yoast SEO plugin. -->","yoast_head_json":{"title":"Opix Technology - CONTACTO","description":"OpixTech es una empresa de comercio algor\u00edtmico de \u00faltima generaci\u00f3n. Cualquier pregunta bienvenida a dejar comentarios, nos pondremos en contacto tan pronto como podamos.","robots":{"index":"index","follow":"follow","max-snippet":"max-snippet:-1","max-image-preview":"max-image-preview:large","max-video-preview":"max-video-preview:-1"},"canonical":"https:\/\/www.opixtech.com\/es\/contact\/","og_locale":"es_ES","og_type":"article","og_title":"Opix Technology - CONTACTO","og_description":"OpixTech es una empresa de comercio algor\u00edtmico de \u00faltima generaci\u00f3n. Cualquier pregunta bienvenida a dejar comentarios, nos pondremos en contacto tan pronto como podamos.","og_url":"https:\/\/www.opixtech.com\/es\/contact\/","og_site_name":"Opix Technology","article_modified_time":"2022-11-09T07:23:01+00:00","og_image":[{"width":512,"height":512,"url":"https:\/\/www.opixtech.com\/assets\/uploads\/2022\/09\/logo2.png","type":"image\/png"}],"twitter_card":"summary_large_image","twitter_title":"Opix Technology - CONTACTO","twitter_description":"OpixTech es una empresa de comercio algor\u00edtmico de \u00faltima generaci\u00f3n. Cualquier pregunta bienvenida a dejar comentarios, nos pondremos en contacto tan pronto como podamos.","twitter_misc":{"Tiempo de lectura":"1 minuto"},"schema":{"@context":"https:\/\/schema.org","@graph":[{"@type":"WebPage","@id":"https:\/\/www.opixtech.com\/es\/contact\/","url":"https:\/\/www.opixtech.com\/es\/contact\/","name":"Opix Technology - CONTACTO","isPartOf":{"@id":"https:\/\/www.opixtech.com\/fr\/#website"},"primaryImageOfPage":{"@id":"https:\/\/www.opixtech.com\/es\/contact\/#primaryimage"},"image":{"@id":"https:\/\/www.opixtech.com\/es\/contact\/#primaryimage"},"thumbnailUrl":"https:\/\/www.opixtech.com\/assets\/uploads\/2022\/09\/logo2.png","datePublished":"2022-09-07T01:55:40+00:00","dateModified":"2022-11-09T07:23:01+00:00","description":"OpixTech es una empresa de comercio algor\u00edtmico de \u00faltima generaci\u00f3n. Cualquier pregunta bienvenida a dejar comentarios, nos pondremos en contacto tan pronto como podamos.","breadcrumb":{"@id":"https:\/\/www.opixtech.com\/es\/contact\/#breadcrumb"},"inLanguage":"es","potentialAction":[{"@type":"ReadAction","target":["https:\/\/www.opixtech.com\/es\/contact\/"]}]},{"@type":"ImageObject","inLanguage":"es","@id":"https:\/\/www.opixtech.com\/es\/contact\/#primaryimage","url":"https:\/\/www.opixtech.com\/assets\/uploads\/2022\/09\/logo2.png","contentUrl":"https:\/\/www.opixtech.com\/assets\/uploads\/2022\/09\/logo2.png","width":512,"height":512},{"@type":"BreadcrumbList","@id":"https:\/\/www.opixtech.com\/es\/contact\/#breadcrumb","itemListElement":[{"@type":"ListItem","position":1,"name":"Home","item":"https:\/\/www.opixtech.com\/es\/"},{"@type":"ListItem","position":2,"name":"CONTACTO"}]},{"@type":"WebSite","@id":"https:\/\/www.opixtech.com\/fr\/#website","url":"https:\/\/www.opixtech.com\/fr\/","name":"Opix Technology","description":"OpixTech Accelerate Sustainable Wealth","publisher":{"@id":"https:\/\/www.opixtech.com\/fr\/#organization"},"potentialAction":[{"@type":"SearchAction","target":{"@type":"EntryPoint","urlTemplate":"https:\/\/www.opixtech.com\/fr\/?s={search_term_string}"},"query-input":{"@type":"PropertyValueSpecification","valueRequired":true,"valueName":"search_term_string"}}],"inLanguage":"es"},{"@type":"Organization","@id":"https:\/\/www.opixtech.com\/fr\/#organization","name":"Opix Technology","url":"https:\/\/www.opixtech.com\/fr\/","logo":{"@type":"ImageObject","inLanguage":"es","@id":"https:\/\/www.opixtech.com\/fr\/#\/schema\/logo\/image\/","url":"https:\/\/www.opixtech.com\/assets\/uploads\/2022\/09\/logo.png","contentUrl":"https:\/\/www.opixtech.com\/assets\/uploads\/2022\/09\/logo.png","width":350,"height":100,"caption":"Opix Technology"},"image":{"@id":"https:\/\/www.opixtech.com\/fr\/#\/schema\/logo\/image\/"}}]}},"_links":{"self":[{"href":"https:\/\/www.opixtech.com\/es\/wp-json\/wp\/v2\/pages\/6068","targetHints":{"allow":["GET"]}}],"collection":[{"href":"https:\/\/www.opixtech.com\/es\/wp-json\/wp\/v2\/pages"}],"about":[{"href":"https:\/\/www.opixtech.com\/es\/wp-json\/wp\/v2\/types\/page"}],"author":[{"embeddable":true,"href":"https:\/\/www.opixtech.com\/es\/wp-json\/wp\/v2\/users\/1"}],"replies":[{"embeddable":true,"href":"https:\/\/www.opixtech.com\/es\/wp-json\/wp\/v2\/comments?post=6068"}],"version-history":[{"count":10,"href":"https:\/\/www.opixtech.com\/es\/wp-json\/wp\/v2\/pages\/6068\/revisions"}],"predecessor-version":[{"id":12863,"href":"https:\/\/www.opixtech.com\/es\/wp-json\/wp\/v2\/pages\/6068\/revisions\/12863"}],"wp:featuredmedia":[{"embeddable":true,"href":"https:\/\/www.opixtech.com\/es\/wp-json\/wp\/v2\/media\/6005"}],"wp:attachment":[{"href":"https:\/\/www.opixtech.com\/es\/wp-json\/wp\/v2\/media?parent=6068"}],"curies":[{"name":"wp","href":"https:\/\/api.w.org\/{rel}","templated":true}]}}